{"id":910,"date":"2018-05-31T10:17:42","date_gmt":"2018-05-31T16:17:42","guid":{"rendered":"https:\/\/hrap.nt.ca\/?page_id=910"},"modified":"2018-10-19T13:52:55","modified_gmt":"2018-10-19T19:52:55","slug":"formes","status":"publish","type":"page","link":"https:\/\/hrap-nt.ca\/fr\/ressources\/formes\/","title":{"rendered":"Formes"},"content":{"rendered":"<p><strong>Cliquez ici pour voir :<\/strong>\u00a0 \u00a0<span style=\"color: #339966;\"><strong><a style=\"color: #339966;\" href=\"https:\/\/hrap-nt.ca\/wp-content\/uploads\/2018\/10\/Avis-de-retrait.pdf\">Avis de retrait<\/a><\/strong><\/span><\/p>\n<p><strong>Cliquez ici pour voir :\u00a0 <\/strong><span style=\"color: #339966;\">\u00a0<strong><a style=\"color: #339966;\" href=\"https:\/\/hrap-nt.ca\/wp-content\/uploads\/2018\/10\/Citation-\u00e0-compara\u00eetre-\u00e0-titre-de-t\u00e9moin.pdf\">Citation \u00e0 compara\u00eetre \u00e0 titre de t\u00e9moin<\/a><\/strong><\/span><\/p>\n","protected":false},"excerpt":{"rendered":"<p>Cliquez ici pour voir :\u00a0 \u00a0Avis de retrait Cliquez ici pour voir :\u00a0 \u00a0Citation \u00e0 compara\u00eetre \u00e0 titre de t\u00e9moin<\/p>\n","protected":false},"author":1,"featured_media":0,"parent":595,"menu_order":0,"comment_status":"closed","ping_status":"closed","template":"","meta":{"generate_page_header":"","footnotes":""},"class_list":["post-910","page","type-page","status-publish"],"yoast_head":"<!-- This site is optimized with the Yoast SEO plugin v27.3 - https:\/\/yoast.com\/product\/yoast-seo-wordpress\/ -->\n<title>Formes - Human Rights Adjudication Panel<\/title>\n<meta name=\"robots\" content=\"index, follow, max-snippet:-1, max-image-preview:large, max-video-preview:-1\" \/>\n<link rel=\"canonical\" href=\"https:\/\/hrap-nt.ca\/fr\/ressources\/formes\/\" \/>\n<meta property=\"og:locale\" content=\"fr_FR\" \/>\n<meta property=\"og:type\" content=\"article\" \/>\n<meta property=\"og:title\" content=\"Formes - Human Rights Adjudication Panel\" \/>\n<meta property=\"og:description\" content=\"Cliquez ici pour voir :\u00a0 \u00a0Avis de retrait Cliquez ici pour voir :\u00a0 \u00a0Citation \u00e0 compara\u00eetre \u00e0 titre de t\u00e9moin\" \/>\n<meta property=\"og:url\" content=\"https:\/\/hrap-nt.ca\/fr\/ressources\/formes\/\" \/>\n<meta property=\"og:site_name\" content=\"Human Rights Adjudication Panel\" \/>\n<meta property=\"article:modified_time\" content=\"2018-10-19T19:52:55+00:00\" \/>\n<meta name=\"twitter:card\" content=\"summary_large_image\" \/>\n<script type=\"application\/ld+json\" class=\"yoast-schema-graph\">{\"@context\":\"https:\\\/\\\/schema.org\",\"@graph\":[{\"@type\":\"WebPage\",\"@id\":\"https:\\\/\\\/hrap-nt.ca\\\/fr\\\/ressources\\\/formes\\\/\",\"url\":\"https:\\\/\\\/hrap-nt.ca\\\/fr\\\/ressources\\\/formes\\\/\",\"name\":\"Formes - Human Rights Adjudication Panel\",\"isPartOf\":{\"@id\":\"https:\\\/\\\/hrap-nt.ca\\\/fr\\\/#website\"},\"datePublished\":\"2018-05-31T16:17:42+00:00\",\"dateModified\":\"2018-10-19T19:52:55+00:00\",\"breadcrumb\":{\"@id\":\"https:\\\/\\\/hrap-nt.ca\\\/fr\\\/ressources\\\/formes\\\/#breadcrumb\"},\"inLanguage\":\"fr-FR\",\"potentialAction\":[{\"@type\":\"ReadAction\",\"target\":[\"https:\\\/\\\/hrap-nt.ca\\\/fr\\\/ressources\\\/formes\\\/\"]}]},{\"@type\":\"BreadcrumbList\",\"@id\":\"https:\\\/\\\/hrap-nt.ca\\\/fr\\\/ressources\\\/formes\\\/#breadcrumb\",\"itemListElement\":[{\"@type\":\"ListItem\",\"position\":1,\"name\":\"Home\",\"item\":\"https:\\\/\\\/hrap-nt.ca\\\/fr\\\/\"},{\"@type\":\"ListItem\",\"position\":2,\"name\":\"Ressources\",\"item\":\"https:\\\/\\\/hrap-nt.ca\\\/fr\\\/ressources\\\/\"},{\"@type\":\"ListItem\",\"position\":3,\"name\":\"Formes\"}]},{\"@type\":\"WebSite\",\"@id\":\"https:\\\/\\\/hrap-nt.ca\\\/fr\\\/#website\",\"url\":\"https:\\\/\\\/hrap-nt.ca\\\/fr\\\/\",\"name\":\"Human Rights Adjudication Panel\",\"description\":\"\",\"publisher\":{\"@id\":\"https:\\\/\\\/hrap-nt.ca\\\/fr\\\/#organization\"},\"potentialAction\":[{\"@type\":\"SearchAction\",\"target\":{\"@type\":\"EntryPoint\",\"urlTemplate\":\"https:\\\/\\\/hrap-nt.ca\\\/fr\\\/?s={search_term_string}\"},\"query-input\":{\"@type\":\"PropertyValueSpecification\",\"valueRequired\":true,\"valueName\":\"search_term_string\"}}],\"inLanguage\":\"fr-FR\"},{\"@type\":\"Organization\",\"@id\":\"https:\\\/\\\/hrap-nt.ca\\\/fr\\\/#organization\",\"name\":\"Northwest Territories Human Rights Adjudication Panel\",\"url\":\"https:\\\/\\\/hrap-nt.ca\\\/fr\\\/\",\"logo\":{\"@type\":\"ImageObject\",\"inLanguage\":\"fr-FR\",\"@id\":\"https:\\\/\\\/hrap-nt.ca\\\/fr\\\/#\\\/schema\\\/logo\\\/image\\\/\",\"url\":\"https:\\\/\\\/hrap-nt.ca\\\/wp-content\\\/uploads\\\/2017\\\/11\\\/cropped-hrap-header-logo-e1511881637444.png\",\"contentUrl\":\"https:\\\/\\\/hrap-nt.ca\\\/wp-content\\\/uploads\\\/2017\\\/11\\\/cropped-hrap-header-logo-e1511881637444.png\",\"width\":600,\"height\":148,\"caption\":\"Northwest Territories Human Rights Adjudication Panel\"},\"image\":{\"@id\":\"https:\\\/\\\/hrap-nt.ca\\\/fr\\\/#\\\/schema\\\/logo\\\/image\\\/\"}}]}<\/script>\n<!-- \/ Yoast SEO plugin. -->","yoast_head_json":{"title":"Formes - Human Rights Adjudication Panel","robots":{"index":"index","follow":"follow","max-snippet":"max-snippet:-1","max-image-preview":"max-image-preview:large","max-video-preview":"max-video-preview:-1"},"canonical":"https:\/\/hrap-nt.ca\/fr\/ressources\/formes\/","og_locale":"fr_FR","og_type":"article","og_title":"Formes - Human Rights Adjudication Panel","og_description":"Cliquez ici pour voir :\u00a0 \u00a0Avis de retrait Cliquez ici pour voir :\u00a0 \u00a0Citation \u00e0 compara\u00eetre \u00e0 titre de t\u00e9moin","og_url":"https:\/\/hrap-nt.ca\/fr\/ressources\/formes\/","og_site_name":"Human Rights Adjudication Panel","article_modified_time":"2018-10-19T19:52:55+00:00","twitter_card":"summary_large_image","schema":{"@context":"https:\/\/schema.org","@graph":[{"@type":"WebPage","@id":"https:\/\/hrap-nt.ca\/fr\/ressources\/formes\/","url":"https:\/\/hrap-nt.ca\/fr\/ressources\/formes\/","name":"Formes - Human Rights Adjudication Panel","isPartOf":{"@id":"https:\/\/hrap-nt.ca\/fr\/#website"},"datePublished":"2018-05-31T16:17:42+00:00","dateModified":"2018-10-19T19:52:55+00:00","breadcrumb":{"@id":"https:\/\/hrap-nt.ca\/fr\/ressources\/formes\/#breadcrumb"},"inLanguage":"fr-FR","potentialAction":[{"@type":"ReadAction","target":["https:\/\/hrap-nt.ca\/fr\/ressources\/formes\/"]}]},{"@type":"BreadcrumbList","@id":"https:\/\/hrap-nt.ca\/fr\/ressources\/formes\/#breadcrumb","itemListElement":[{"@type":"ListItem","position":1,"name":"Home","item":"https:\/\/hrap-nt.ca\/fr\/"},{"@type":"ListItem","position":2,"name":"Ressources","item":"https:\/\/hrap-nt.ca\/fr\/ressources\/"},{"@type":"ListItem","position":3,"name":"Formes"}]},{"@type":"WebSite","@id":"https:\/\/hrap-nt.ca\/fr\/#website","url":"https:\/\/hrap-nt.ca\/fr\/","name":"Human Rights Adjudication Panel","description":"","publisher":{"@id":"https:\/\/hrap-nt.ca\/fr\/#organization"},"potentialAction":[{"@type":"SearchAction","target":{"@type":"EntryPoint","urlTemplate":"https:\/\/hrap-nt.ca\/fr\/?s={search_term_string}"},"query-input":{"@type":"PropertyValueSpecification","valueRequired":true,"valueName":"search_term_string"}}],"inLanguage":"fr-FR"},{"@type":"Organization","@id":"https:\/\/hrap-nt.ca\/fr\/#organization","name":"Northwest Territories Human Rights Adjudication Panel","url":"https:\/\/hrap-nt.ca\/fr\/","logo":{"@type":"ImageObject","inLanguage":"fr-FR","@id":"https:\/\/hrap-nt.ca\/fr\/#\/schema\/logo\/image\/","url":"https:\/\/hrap-nt.ca\/wp-content\/uploads\/2017\/11\/cropped-hrap-header-logo-e1511881637444.png","contentUrl":"https:\/\/hrap-nt.ca\/wp-content\/uploads\/2017\/11\/cropped-hrap-header-logo-e1511881637444.png","width":600,"height":148,"caption":"Northwest Territories Human Rights Adjudication Panel"},"image":{"@id":"https:\/\/hrap-nt.ca\/fr\/#\/schema\/logo\/image\/"}}]}},"_links":{"self":[{"href":"https:\/\/hrap-nt.ca\/fr\/wp-json\/wp\/v2\/pages\/910","targetHints":{"allow":["GET"]}}],"collection":[{"href":"https:\/\/hrap-nt.ca\/fr\/wp-json\/wp\/v2\/pages"}],"about":[{"href":"https:\/\/hrap-nt.ca\/fr\/wp-json\/wp\/v2\/types\/page"}],"author":[{"embeddable":true,"href":"https:\/\/hrap-nt.ca\/fr\/wp-json\/wp\/v2\/users\/1"}],"replies":[{"embeddable":true,"href":"https:\/\/hrap-nt.ca\/fr\/wp-json\/wp\/v2\/comments?post=910"}],"version-history":[{"count":5,"href":"https:\/\/hrap-nt.ca\/fr\/wp-json\/wp\/v2\/pages\/910\/revisions"}],"predecessor-version":[{"id":1179,"href":"https:\/\/hrap-nt.ca\/fr\/wp-json\/wp\/v2\/pages\/910\/revisions\/1179"}],"up":[{"embeddable":true,"href":"https:\/\/hrap-nt.ca\/fr\/wp-json\/wp\/v2\/pages\/595"}],"wp:attachment":[{"href":"https:\/\/hrap-nt.ca\/fr\/wp-json\/wp\/v2\/media?parent=910"}],"curies":[{"name":"wp","href":"https:\/\/api.w.org\/{rel}","templated":true}]}}