{"id":618,"date":"2017-03-30T22:10:57","date_gmt":"2017-03-31T04:10:57","guid":{"rendered":"http:\/\/hrap.nt.ca\/?page_id=618\/"},"modified":"2018-05-31T11:25:27","modified_gmt":"2018-05-31T17:25:27","slug":"decisions-du-groupe-special","status":"publish","type":"page","link":"https:\/\/hrap-nt.ca\/fr\/ressources\/decisions-du-groupe-special\/","title":{"rendered":"D\u00e9cisions du panel"},"content":{"rendered":"<h3 align=\"left\">Toutes les d\u00e9cisions sont \u00e9galement disponibles sur le site web national de Canlii.<\/h3>\n<h3 align=\"left\"><strong><span style=\"color: #339966;\"><span style=\"color: #000000;\">Cliquez ici pour voir :<\/span>\u00a0 \u00a0 \u00a0<a style=\"color: #339966;\" href=\"https:\/\/www.canlii.org\/fr\/nt\/nttadp\/\"> https:\/\/www.canlii.org\/fr\/nt\/nttadp\/<\/a><\/span><\/strong><\/h3>\n<p>&nbsp;<\/p>\n","protected":false},"excerpt":{"rendered":"<p>Toutes les d\u00e9cisions sont \u00e9galement disponibles sur le site web national de Canlii. Cliquez ici pour voir :\u00a0 \u00a0 \u00a0 https:\/\/www.canlii.org\/fr\/nt\/nttadp\/ &nbsp;<\/p>\n","protected":false},"author":8,"featured_media":0,"parent":595,"menu_order":0,"comment_status":"closed","ping_status":"open","template":"","meta":{"generate_page_header":"","footnotes":""},"class_list":["post-618","page","type-page","status-publish"],"yoast_head":"<!-- This site is optimized with the Yoast SEO plugin v27.3 - https:\/\/yoast.com\/product\/yoast-seo-wordpress\/ -->\n<title>D\u00e9cisions du panel - Human Rights Adjudication Panel<\/title>\n<meta name=\"robots\" content=\"index, follow, max-snippet:-1, max-image-preview:large, max-video-preview:-1\" \/>\n<link rel=\"canonical\" href=\"https:\/\/hrap-nt.ca\/fr\/ressources\/decisions-du-groupe-special\/\" \/>\n<meta property=\"og:locale\" content=\"fr_FR\" \/>\n<meta property=\"og:type\" content=\"article\" \/>\n<meta property=\"og:title\" content=\"D\u00e9cisions du panel - Human Rights Adjudication Panel\" \/>\n<meta property=\"og:description\" content=\"Toutes les d\u00e9cisions sont \u00e9galement disponibles sur le site web national de Canlii. Cliquez ici pour voir :\u00a0 \u00a0 \u00a0 https:\/\/www.canlii.org\/fr\/nt\/nttadp\/ &nbsp;\" \/>\n<meta property=\"og:url\" content=\"https:\/\/hrap-nt.ca\/fr\/ressources\/decisions-du-groupe-special\/\" \/>\n<meta property=\"og:site_name\" content=\"Human Rights Adjudication Panel\" \/>\n<meta property=\"article:modified_time\" content=\"2018-05-31T17:25:27+00:00\" \/>\n<meta name=\"twitter:card\" content=\"summary_large_image\" \/>\n<script type=\"application\/ld+json\" class=\"yoast-schema-graph\">{\"@context\":\"https:\\\/\\\/schema.org\",\"@graph\":[{\"@type\":\"WebPage\",\"@id\":\"https:\\\/\\\/hrap-nt.ca\\\/fr\\\/ressources\\\/decisions-du-groupe-special\\\/\",\"url\":\"https:\\\/\\\/hrap-nt.ca\\\/fr\\\/ressources\\\/decisions-du-groupe-special\\\/\",\"name\":\"D\u00e9cisions du panel - Human Rights Adjudication Panel\",\"isPartOf\":{\"@id\":\"https:\\\/\\\/hrap-nt.ca\\\/fr\\\/#website\"},\"datePublished\":\"2017-03-31T04:10:57+00:00\",\"dateModified\":\"2018-05-31T17:25:27+00:00\",\"breadcrumb\":{\"@id\":\"https:\\\/\\\/hrap-nt.ca\\\/fr\\\/ressources\\\/decisions-du-groupe-special\\\/#breadcrumb\"},\"inLanguage\":\"fr-FR\",\"potentialAction\":[{\"@type\":\"ReadAction\",\"target\":[\"https:\\\/\\\/hrap-nt.ca\\\/fr\\\/ressources\\\/decisions-du-groupe-special\\\/\"]}]},{\"@type\":\"BreadcrumbList\",\"@id\":\"https:\\\/\\\/hrap-nt.ca\\\/fr\\\/ressources\\\/decisions-du-groupe-special\\\/#breadcrumb\",\"itemListElement\":[{\"@type\":\"ListItem\",\"position\":1,\"name\":\"Home\",\"item\":\"https:\\\/\\\/hrap-nt.ca\\\/fr\\\/\"},{\"@type\":\"ListItem\",\"position\":2,\"name\":\"Ressources\",\"item\":\"https:\\\/\\\/hrap-nt.ca\\\/fr\\\/ressources\\\/\"},{\"@type\":\"ListItem\",\"position\":3,\"name\":\"D\u00e9cisions du panel\"}]},{\"@type\":\"WebSite\",\"@id\":\"https:\\\/\\\/hrap-nt.ca\\\/fr\\\/#website\",\"url\":\"https:\\\/\\\/hrap-nt.ca\\\/fr\\\/\",\"name\":\"Human Rights Adjudication Panel\",\"description\":\"\",\"publisher\":{\"@id\":\"https:\\\/\\\/hrap-nt.ca\\\/fr\\\/#organization\"},\"potentialAction\":[{\"@type\":\"SearchAction\",\"target\":{\"@type\":\"EntryPoint\",\"urlTemplate\":\"https:\\\/\\\/hrap-nt.ca\\\/fr\\\/?s={search_term_string}\"},\"query-input\":{\"@type\":\"PropertyValueSpecification\",\"valueRequired\":true,\"valueName\":\"search_term_string\"}}],\"inLanguage\":\"fr-FR\"},{\"@type\":\"Organization\",\"@id\":\"https:\\\/\\\/hrap-nt.ca\\\/fr\\\/#organization\",\"name\":\"Northwest Territories Human Rights Adjudication Panel\",\"url\":\"https:\\\/\\\/hrap-nt.ca\\\/fr\\\/\",\"logo\":{\"@type\":\"ImageObject\",\"inLanguage\":\"fr-FR\",\"@id\":\"https:\\\/\\\/hrap-nt.ca\\\/fr\\\/#\\\/schema\\\/logo\\\/image\\\/\",\"url\":\"https:\\\/\\\/hrap-nt.ca\\\/wp-content\\\/uploads\\\/2017\\\/11\\\/cropped-hrap-header-logo-e1511881637444.png\",\"contentUrl\":\"https:\\\/\\\/hrap-nt.ca\\\/wp-content\\\/uploads\\\/2017\\\/11\\\/cropped-hrap-header-logo-e1511881637444.png\",\"width\":600,\"height\":148,\"caption\":\"Northwest Territories Human Rights Adjudication Panel\"},\"image\":{\"@id\":\"https:\\\/\\\/hrap-nt.ca\\\/fr\\\/#\\\/schema\\\/logo\\\/image\\\/\"}}]}<\/script>\n<!-- \/ Yoast SEO plugin. -->","yoast_head_json":{"title":"D\u00e9cisions du panel - Human Rights Adjudication Panel","robots":{"index":"index","follow":"follow","max-snippet":"max-snippet:-1","max-image-preview":"max-image-preview:large","max-video-preview":"max-video-preview:-1"},"canonical":"https:\/\/hrap-nt.ca\/fr\/ressources\/decisions-du-groupe-special\/","og_locale":"fr_FR","og_type":"article","og_title":"D\u00e9cisions du panel - Human Rights Adjudication Panel","og_description":"Toutes les d\u00e9cisions sont \u00e9galement disponibles sur le site web national de Canlii. Cliquez ici pour voir :\u00a0 \u00a0 \u00a0 https:\/\/www.canlii.org\/fr\/nt\/nttadp\/ &nbsp;","og_url":"https:\/\/hrap-nt.ca\/fr\/ressources\/decisions-du-groupe-special\/","og_site_name":"Human Rights Adjudication Panel","article_modified_time":"2018-05-31T17:25:27+00:00","twitter_card":"summary_large_image","schema":{"@context":"https:\/\/schema.org","@graph":[{"@type":"WebPage","@id":"https:\/\/hrap-nt.ca\/fr\/ressources\/decisions-du-groupe-special\/","url":"https:\/\/hrap-nt.ca\/fr\/ressources\/decisions-du-groupe-special\/","name":"D\u00e9cisions du panel - Human Rights Adjudication Panel","isPartOf":{"@id":"https:\/\/hrap-nt.ca\/fr\/#website"},"datePublished":"2017-03-31T04:10:57+00:00","dateModified":"2018-05-31T17:25:27+00:00","breadcrumb":{"@id":"https:\/\/hrap-nt.ca\/fr\/ressources\/decisions-du-groupe-special\/#breadcrumb"},"inLanguage":"fr-FR","potentialAction":[{"@type":"ReadAction","target":["https:\/\/hrap-nt.ca\/fr\/ressources\/decisions-du-groupe-special\/"]}]},{"@type":"BreadcrumbList","@id":"https:\/\/hrap-nt.ca\/fr\/ressources\/decisions-du-groupe-special\/#breadcrumb","itemListElement":[{"@type":"ListItem","position":1,"name":"Home","item":"https:\/\/hrap-nt.ca\/fr\/"},{"@type":"ListItem","position":2,"name":"Ressources","item":"https:\/\/hrap-nt.ca\/fr\/ressources\/"},{"@type":"ListItem","position":3,"name":"D\u00e9cisions du panel"}]},{"@type":"WebSite","@id":"https:\/\/hrap-nt.ca\/fr\/#website","url":"https:\/\/hrap-nt.ca\/fr\/","name":"Human Rights Adjudication Panel","description":"","publisher":{"@id":"https:\/\/hrap-nt.ca\/fr\/#organization"},"potentialAction":[{"@type":"SearchAction","target":{"@type":"EntryPoint","urlTemplate":"https:\/\/hrap-nt.ca\/fr\/?s={search_term_string}"},"query-input":{"@type":"PropertyValueSpecification","valueRequired":true,"valueName":"search_term_string"}}],"inLanguage":"fr-FR"},{"@type":"Organization","@id":"https:\/\/hrap-nt.ca\/fr\/#organization","name":"Northwest Territories Human Rights Adjudication Panel","url":"https:\/\/hrap-nt.ca\/fr\/","logo":{"@type":"ImageObject","inLanguage":"fr-FR","@id":"https:\/\/hrap-nt.ca\/fr\/#\/schema\/logo\/image\/","url":"https:\/\/hrap-nt.ca\/wp-content\/uploads\/2017\/11\/cropped-hrap-header-logo-e1511881637444.png","contentUrl":"https:\/\/hrap-nt.ca\/wp-content\/uploads\/2017\/11\/cropped-hrap-header-logo-e1511881637444.png","width":600,"height":148,"caption":"Northwest Territories Human Rights Adjudication Panel"},"image":{"@id":"https:\/\/hrap-nt.ca\/fr\/#\/schema\/logo\/image\/"}}]}},"_links":{"self":[{"href":"https:\/\/hrap-nt.ca\/fr\/wp-json\/wp\/v2\/pages\/618","targetHints":{"allow":["GET"]}}],"collection":[{"href":"https:\/\/hrap-nt.ca\/fr\/wp-json\/wp\/v2\/pages"}],"about":[{"href":"https:\/\/hrap-nt.ca\/fr\/wp-json\/wp\/v2\/types\/page"}],"author":[{"embeddable":true,"href":"https:\/\/hrap-nt.ca\/fr\/wp-json\/wp\/v2\/users\/8"}],"replies":[{"embeddable":true,"href":"https:\/\/hrap-nt.ca\/fr\/wp-json\/wp\/v2\/comments?post=618"}],"version-history":[{"count":5,"href":"https:\/\/hrap-nt.ca\/fr\/wp-json\/wp\/v2\/pages\/618\/revisions"}],"predecessor-version":[{"id":856,"href":"https:\/\/hrap-nt.ca\/fr\/wp-json\/wp\/v2\/pages\/618\/revisions\/856"}],"up":[{"embeddable":true,"href":"https:\/\/hrap-nt.ca\/fr\/wp-json\/wp\/v2\/pages\/595"}],"wp:attachment":[{"href":"https:\/\/hrap-nt.ca\/fr\/wp-json\/wp\/v2\/media?parent=618"}],"curies":[{"name":"wp","href":"https:\/\/api.w.org\/{rel}","templated":true}]}}