{"id":610,"date":"2017-03-30T21:31:26","date_gmt":"2017-03-31T03:31:26","guid":{"rendered":"http:\/\/hrap.nt.ca\/?page_id=610\/"},"modified":"2021-11-17T08:47:07","modified_gmt":"2021-11-17T15:47:07","slug":"legislation","status":"publish","type":"page","link":"https:\/\/hrap-nt.ca\/fr\/ressources\/legislation\/","title":{"rendered":"L\u00e9gislation"},"content":{"rendered":"<p><strong><span style=\"color: #339966;\"><a style=\"color: #339966;\" href=\"http:\/\/hrap-nt.ca\/downloads\/ms_2952.pdf\"><span style=\"color: #000000;\">Cliquez ici pour voir :<\/span>\u00a0 \u00a0 \u00a0<span style=\"color: #008000;\">Loi sur les droits de la personne<\/span><\/a><\/span><\/strong><\/p>\n<p><strong>Cliquez ici pour voir :\u00a0 \u00a0\u00a0<span style=\"color: #008000;\"><span style=\"color: #008000;\"> <a style=\"color: #008000;\" href=\"https:\/\/hrap-nt.ca\/wp-content\/uploads\/2021\/11\/Loi-modifiant-la-loi-sur-les-droits-de-la-personne.pdf\">Loi modifiant la loi sur les droits de la personne<\/a><\/span><\/span><\/strong><\/p>\n<p><span style=\"color: #339966;\"><strong><span style=\"color: #000000;\">Cliquez ici pour voir :<\/span>\u00a0 \u00a0 <span style=\"color: #008000;\">\u00a0<a style=\"color: #008000;\" href=\"http:\/\/hrap-nt.ca\/downloads\/ms_2953.pdf\">Loi sur les enqu\u00eates publiques<\/a><\/span><\/strong><\/span><\/p>\n<p><strong>Cliquez ici pour voir :\u00a0 \u00a0 <span style=\"color: #339966;\">\u00a0<span style=\"color: #008000;\"><a style=\"color: #008000;\" href=\"https:\/\/hrap-nt.ca\/wp-content\/uploads\/2020\/11\/Mise-en-oeuvre-des-modifications-legislatives-et-apercu-des-phases-de-transition-1.pdf\">Mise en \u0153uvre des modifications l\u00e9gislatives et aper\u00e7u des phases de transition<\/a><\/span><\/span><\/strong><\/p>\n","protected":false},"excerpt":{"rendered":"<p>Cliquez ici pour voir :\u00a0 \u00a0 \u00a0Loi sur les droits de la personne Cliquez ici pour voir :\u00a0 \u00a0\u00a0 Loi modifiant la loi sur les droits de la personne Cliquez ici pour voir :\u00a0 \u00a0 \u00a0Loi sur les enqu\u00eates publiques Cliquez ici pour voir :\u00a0 \u00a0 \u00a0Mise en \u0153uvre des modifications l\u00e9gislatives et aper\u00e7u des &#8230; <a title=\"L\u00e9gislation\" class=\"read-more\" href=\"https:\/\/hrap-nt.ca\/fr\/ressources\/legislation\/\" aria-label=\"En savoir plus sur L\u00e9gislation\">Read more<\/a><\/p>\n","protected":false},"author":8,"featured_media":0,"parent":595,"menu_order":0,"comment_status":"closed","ping_status":"open","template":"","meta":{"generate_page_header":"","footnotes":""},"class_list":["post-610","page","type-page","status-publish"],"yoast_head":"<!-- This site is optimized with the Yoast SEO plugin v27.3 - https:\/\/yoast.com\/product\/yoast-seo-wordpress\/ -->\n<title>L\u00e9gislation - Human Rights Adjudication Panel<\/title>\n<meta name=\"robots\" content=\"index, follow, max-snippet:-1, max-image-preview:large, max-video-preview:-1\" \/>\n<link rel=\"canonical\" href=\"https:\/\/hrap-nt.ca\/fr\/ressources\/legislation\/\" \/>\n<meta property=\"og:locale\" content=\"fr_FR\" \/>\n<meta property=\"og:type\" content=\"article\" \/>\n<meta property=\"og:title\" content=\"L\u00e9gislation - Human Rights Adjudication Panel\" \/>\n<meta property=\"og:description\" content=\"Cliquez ici pour voir :\u00a0 \u00a0 \u00a0Loi sur les droits de la personne Cliquez ici pour voir :\u00a0 \u00a0\u00a0 Loi modifiant la loi sur les droits de la personne Cliquez ici pour voir :\u00a0 \u00a0 \u00a0Loi sur les enqu\u00eates publiques Cliquez ici pour voir :\u00a0 \u00a0 \u00a0Mise en \u0153uvre des modifications l\u00e9gislatives et aper\u00e7u des ... Read more\" \/>\n<meta property=\"og:url\" content=\"https:\/\/hrap-nt.ca\/fr\/ressources\/legislation\/\" \/>\n<meta property=\"og:site_name\" content=\"Human Rights Adjudication Panel\" \/>\n<meta property=\"article:modified_time\" content=\"2021-11-17T15:47:07+00:00\" \/>\n<meta name=\"twitter:card\" content=\"summary_large_image\" \/>\n<script type=\"application\/ld+json\" class=\"yoast-schema-graph\">{\"@context\":\"https:\\\/\\\/schema.org\",\"@graph\":[{\"@type\":\"WebPage\",\"@id\":\"https:\\\/\\\/hrap-nt.ca\\\/fr\\\/ressources\\\/legislation\\\/\",\"url\":\"https:\\\/\\\/hrap-nt.ca\\\/fr\\\/ressources\\\/legislation\\\/\",\"name\":\"L\u00e9gislation - Human Rights Adjudication Panel\",\"isPartOf\":{\"@id\":\"https:\\\/\\\/hrap-nt.ca\\\/fr\\\/#website\"},\"datePublished\":\"2017-03-31T03:31:26+00:00\",\"dateModified\":\"2021-11-17T15:47:07+00:00\",\"breadcrumb\":{\"@id\":\"https:\\\/\\\/hrap-nt.ca\\\/fr\\\/ressources\\\/legislation\\\/#breadcrumb\"},\"inLanguage\":\"fr-FR\",\"potentialAction\":[{\"@type\":\"ReadAction\",\"target\":[\"https:\\\/\\\/hrap-nt.ca\\\/fr\\\/ressources\\\/legislation\\\/\"]}]},{\"@type\":\"BreadcrumbList\",\"@id\":\"https:\\\/\\\/hrap-nt.ca\\\/fr\\\/ressources\\\/legislation\\\/#breadcrumb\",\"itemListElement\":[{\"@type\":\"ListItem\",\"position\":1,\"name\":\"Home\",\"item\":\"https:\\\/\\\/hrap-nt.ca\\\/fr\\\/\"},{\"@type\":\"ListItem\",\"position\":2,\"name\":\"Ressources\",\"item\":\"https:\\\/\\\/hrap-nt.ca\\\/fr\\\/ressources\\\/\"},{\"@type\":\"ListItem\",\"position\":3,\"name\":\"L\u00e9gislation\"}]},{\"@type\":\"WebSite\",\"@id\":\"https:\\\/\\\/hrap-nt.ca\\\/fr\\\/#website\",\"url\":\"https:\\\/\\\/hrap-nt.ca\\\/fr\\\/\",\"name\":\"Human Rights Adjudication Panel\",\"description\":\"\",\"publisher\":{\"@id\":\"https:\\\/\\\/hrap-nt.ca\\\/fr\\\/#organization\"},\"potentialAction\":[{\"@type\":\"SearchAction\",\"target\":{\"@type\":\"EntryPoint\",\"urlTemplate\":\"https:\\\/\\\/hrap-nt.ca\\\/fr\\\/?s={search_term_string}\"},\"query-input\":{\"@type\":\"PropertyValueSpecification\",\"valueRequired\":true,\"valueName\":\"search_term_string\"}}],\"inLanguage\":\"fr-FR\"},{\"@type\":\"Organization\",\"@id\":\"https:\\\/\\\/hrap-nt.ca\\\/fr\\\/#organization\",\"name\":\"Northwest Territories Human Rights Adjudication Panel\",\"url\":\"https:\\\/\\\/hrap-nt.ca\\\/fr\\\/\",\"logo\":{\"@type\":\"ImageObject\",\"inLanguage\":\"fr-FR\",\"@id\":\"https:\\\/\\\/hrap-nt.ca\\\/fr\\\/#\\\/schema\\\/logo\\\/image\\\/\",\"url\":\"https:\\\/\\\/hrap-nt.ca\\\/wp-content\\\/uploads\\\/2017\\\/11\\\/cropped-hrap-header-logo-e1511881637444.png\",\"contentUrl\":\"https:\\\/\\\/hrap-nt.ca\\\/wp-content\\\/uploads\\\/2017\\\/11\\\/cropped-hrap-header-logo-e1511881637444.png\",\"width\":600,\"height\":148,\"caption\":\"Northwest Territories Human Rights Adjudication Panel\"},\"image\":{\"@id\":\"https:\\\/\\\/hrap-nt.ca\\\/fr\\\/#\\\/schema\\\/logo\\\/image\\\/\"}}]}<\/script>\n<!-- \/ Yoast SEO plugin. -->","yoast_head_json":{"title":"L\u00e9gislation - Human Rights Adjudication Panel","robots":{"index":"index","follow":"follow","max-snippet":"max-snippet:-1","max-image-preview":"max-image-preview:large","max-video-preview":"max-video-preview:-1"},"canonical":"https:\/\/hrap-nt.ca\/fr\/ressources\/legislation\/","og_locale":"fr_FR","og_type":"article","og_title":"L\u00e9gislation - Human Rights Adjudication Panel","og_description":"Cliquez ici pour voir :\u00a0 \u00a0 \u00a0Loi sur les droits de la personne Cliquez ici pour voir :\u00a0 \u00a0\u00a0 Loi modifiant la loi sur les droits de la personne Cliquez ici pour voir :\u00a0 \u00a0 \u00a0Loi sur les enqu\u00eates publiques Cliquez ici pour voir :\u00a0 \u00a0 \u00a0Mise en \u0153uvre des modifications l\u00e9gislatives et aper\u00e7u des ... Read more","og_url":"https:\/\/hrap-nt.ca\/fr\/ressources\/legislation\/","og_site_name":"Human Rights Adjudication Panel","article_modified_time":"2021-11-17T15:47:07+00:00","twitter_card":"summary_large_image","schema":{"@context":"https:\/\/schema.org","@graph":[{"@type":"WebPage","@id":"https:\/\/hrap-nt.ca\/fr\/ressources\/legislation\/","url":"https:\/\/hrap-nt.ca\/fr\/ressources\/legislation\/","name":"L\u00e9gislation - Human Rights Adjudication Panel","isPartOf":{"@id":"https:\/\/hrap-nt.ca\/fr\/#website"},"datePublished":"2017-03-31T03:31:26+00:00","dateModified":"2021-11-17T15:47:07+00:00","breadcrumb":{"@id":"https:\/\/hrap-nt.ca\/fr\/ressources\/legislation\/#breadcrumb"},"inLanguage":"fr-FR","potentialAction":[{"@type":"ReadAction","target":["https:\/\/hrap-nt.ca\/fr\/ressources\/legislation\/"]}]},{"@type":"BreadcrumbList","@id":"https:\/\/hrap-nt.ca\/fr\/ressources\/legislation\/#breadcrumb","itemListElement":[{"@type":"ListItem","position":1,"name":"Home","item":"https:\/\/hrap-nt.ca\/fr\/"},{"@type":"ListItem","position":2,"name":"Ressources","item":"https:\/\/hrap-nt.ca\/fr\/ressources\/"},{"@type":"ListItem","position":3,"name":"L\u00e9gislation"}]},{"@type":"WebSite","@id":"https:\/\/hrap-nt.ca\/fr\/#website","url":"https:\/\/hrap-nt.ca\/fr\/","name":"Human Rights Adjudication Panel","description":"","publisher":{"@id":"https:\/\/hrap-nt.ca\/fr\/#organization"},"potentialAction":[{"@type":"SearchAction","target":{"@type":"EntryPoint","urlTemplate":"https:\/\/hrap-nt.ca\/fr\/?s={search_term_string}"},"query-input":{"@type":"PropertyValueSpecification","valueRequired":true,"valueName":"search_term_string"}}],"inLanguage":"fr-FR"},{"@type":"Organization","@id":"https:\/\/hrap-nt.ca\/fr\/#organization","name":"Northwest Territories Human Rights Adjudication Panel","url":"https:\/\/hrap-nt.ca\/fr\/","logo":{"@type":"ImageObject","inLanguage":"fr-FR","@id":"https:\/\/hrap-nt.ca\/fr\/#\/schema\/logo\/image\/","url":"https:\/\/hrap-nt.ca\/wp-content\/uploads\/2017\/11\/cropped-hrap-header-logo-e1511881637444.png","contentUrl":"https:\/\/hrap-nt.ca\/wp-content\/uploads\/2017\/11\/cropped-hrap-header-logo-e1511881637444.png","width":600,"height":148,"caption":"Northwest Territories Human Rights Adjudication Panel"},"image":{"@id":"https:\/\/hrap-nt.ca\/fr\/#\/schema\/logo\/image\/"}}]}},"_links":{"self":[{"href":"https:\/\/hrap-nt.ca\/fr\/wp-json\/wp\/v2\/pages\/610","targetHints":{"allow":["GET"]}}],"collection":[{"href":"https:\/\/hrap-nt.ca\/fr\/wp-json\/wp\/v2\/pages"}],"about":[{"href":"https:\/\/hrap-nt.ca\/fr\/wp-json\/wp\/v2\/types\/page"}],"author":[{"embeddable":true,"href":"https:\/\/hrap-nt.ca\/fr\/wp-json\/wp\/v2\/users\/8"}],"replies":[{"embeddable":true,"href":"https:\/\/hrap-nt.ca\/fr\/wp-json\/wp\/v2\/comments?post=610"}],"version-history":[{"count":5,"href":"https:\/\/hrap-nt.ca\/fr\/wp-json\/wp\/v2\/pages\/610\/revisions"}],"predecessor-version":[{"id":1635,"href":"https:\/\/hrap-nt.ca\/fr\/wp-json\/wp\/v2\/pages\/610\/revisions\/1635"}],"up":[{"embeddable":true,"href":"https:\/\/hrap-nt.ca\/fr\/wp-json\/wp\/v2\/pages\/595"}],"wp:attachment":[{"href":"https:\/\/hrap-nt.ca\/fr\/wp-json\/wp\/v2\/media?parent=610"}],"curies":[{"name":"wp","href":"https:\/\/api.w.org\/{rel}","templated":true}]}}