{"id":597,"date":"2017-03-20T15:36:18","date_gmt":"2017-03-20T21:36:18","guid":{"rendered":"http:\/\/hrap.nt.ca\/?page_id=597\/"},"modified":"2018-05-30T12:16:56","modified_gmt":"2018-05-30T18:16:56","slug":"ressources-en-recherche-et-en-droit","status":"publish","type":"page","link":"https:\/\/hrap-nt.ca\/fr\/information\/ressources-en-recherche-et-en-droit\/","title":{"rendered":"Ressources en recherche et en droit"},"content":{"rendered":"<h2><strong><span style=\"color: #3366ff;\">Organismes de protection des droits de la personne<\/span><\/strong><\/h2>\n<p><strong><span style=\"color: #339966;\"><span style=\"color: #000000;\">Consultez le\u00a0<\/span>: <a style=\"color: #339966;\" href=\"http:\/\/www.chrc-ccdp.gc.ca\/index.html\">http:\/\/www.chrc-ccdp.gc.ca\/index.html<\/a><\/span><\/strong><\/p>\n<h2><strong><span style=\"color: #3366ff;\">Jurisprudence en droits de la personne accessible au public<\/span><\/strong><\/h2>\n<p>Remarque\u00a0: Plusieurs sites Web canadiens (ci-dessus) donnent acc\u00e8s \u00e0 des d\u00e9cisions rendues par des tribunaux \u0153uvrant dans les provinces ou les territoires concern\u00e9s.<\/p>\n<p><strong><span style=\"color: #339966;\"><span style=\"color: #000000;\">Consultez \u00e9galement le\u00a0:<\/span> <a style=\"color: #339966;\" href=\"http:\/\/www.canlii.org\/\">www.canlii.org<\/a><\/span><\/strong><\/p>\n<p>Puis cliquez sur D\u00e9cisions de tribunaux.<\/p>\n<p>Pour des renseignements sur la Loi sur les droits de la personne, la Loi sur les enqu\u00eates publiques et les r\u00e8gles connexes, consultez la<strong><span style=\"color: #339966;\"> <a style=\"color: #339966;\" href=\"http:\/\/hrap-nt.ca\/fr\/ressources\/\">section des ressources de notre site Web<\/a>.<\/span><\/strong><\/p>\n","protected":false},"excerpt":{"rendered":"<p>Organismes de protection des droits de la personne Consultez le\u00a0: http:\/\/www.chrc-ccdp.gc.ca\/index.html Jurisprudence en droits de la personne accessible au public Remarque\u00a0: Plusieurs sites Web canadiens (ci-dessus) donnent acc\u00e8s \u00e0 des d\u00e9cisions rendues par des tribunaux \u0153uvrant dans les provinces ou les territoires concern\u00e9s. Consultez \u00e9galement le\u00a0: www.canlii.org Puis cliquez sur D\u00e9cisions de tribunaux. Pour des &#8230; <a title=\"Ressources en recherche et en droit\" class=\"read-more\" href=\"https:\/\/hrap-nt.ca\/fr\/information\/ressources-en-recherche-et-en-droit\/\" aria-label=\"En savoir plus sur Ressources en recherche et en droit\">Read more<\/a><\/p>\n","protected":false},"author":8,"featured_media":0,"parent":613,"menu_order":0,"comment_status":"closed","ping_status":"open","template":"","meta":{"generate_page_header":"","footnotes":""},"class_list":["post-597","page","type-page","status-publish"],"yoast_head":"<!-- This site is optimized with the Yoast SEO plugin v27.3 - https:\/\/yoast.com\/product\/yoast-seo-wordpress\/ -->\n<title>Ressources en recherche et en droit - Human Rights Adjudication Panel<\/title>\n<meta name=\"robots\" content=\"index, follow, max-snippet:-1, max-image-preview:large, max-video-preview:-1\" \/>\n<link rel=\"canonical\" href=\"https:\/\/hrap-nt.ca\/fr\/information\/ressources-en-recherche-et-en-droit\/\" \/>\n<meta property=\"og:locale\" content=\"fr_FR\" \/>\n<meta property=\"og:type\" content=\"article\" \/>\n<meta property=\"og:title\" content=\"Ressources en recherche et en droit - Human Rights Adjudication Panel\" \/>\n<meta property=\"og:description\" content=\"Organismes de protection des droits de la personne Consultez le\u00a0: http:\/\/www.chrc-ccdp.gc.ca\/index.html Jurisprudence en droits de la personne accessible au public Remarque\u00a0: Plusieurs sites Web canadiens (ci-dessus) donnent acc\u00e8s \u00e0 des d\u00e9cisions rendues par des tribunaux \u0153uvrant dans les provinces ou les territoires concern\u00e9s. Consultez \u00e9galement le\u00a0: www.canlii.org Puis cliquez sur D\u00e9cisions de tribunaux. Pour des ... Read more\" \/>\n<meta property=\"og:url\" content=\"https:\/\/hrap-nt.ca\/fr\/information\/ressources-en-recherche-et-en-droit\/\" \/>\n<meta property=\"og:site_name\" content=\"Human Rights Adjudication Panel\" \/>\n<meta property=\"article:modified_time\" content=\"2018-05-30T18:16:56+00:00\" \/>\n<meta name=\"twitter:card\" content=\"summary_large_image\" \/>\n<script type=\"application\/ld+json\" class=\"yoast-schema-graph\">{\"@context\":\"https:\\\/\\\/schema.org\",\"@graph\":[{\"@type\":\"WebPage\",\"@id\":\"https:\\\/\\\/hrap-nt.ca\\\/fr\\\/information\\\/ressources-en-recherche-et-en-droit\\\/\",\"url\":\"https:\\\/\\\/hrap-nt.ca\\\/fr\\\/information\\\/ressources-en-recherche-et-en-droit\\\/\",\"name\":\"Ressources en recherche et en droit - Human Rights Adjudication Panel\",\"isPartOf\":{\"@id\":\"https:\\\/\\\/hrap-nt.ca\\\/fr\\\/#website\"},\"datePublished\":\"2017-03-20T21:36:18+00:00\",\"dateModified\":\"2018-05-30T18:16:56+00:00\",\"breadcrumb\":{\"@id\":\"https:\\\/\\\/hrap-nt.ca\\\/fr\\\/information\\\/ressources-en-recherche-et-en-droit\\\/#breadcrumb\"},\"inLanguage\":\"fr-FR\",\"potentialAction\":[{\"@type\":\"ReadAction\",\"target\":[\"https:\\\/\\\/hrap-nt.ca\\\/fr\\\/information\\\/ressources-en-recherche-et-en-droit\\\/\"]}]},{\"@type\":\"BreadcrumbList\",\"@id\":\"https:\\\/\\\/hrap-nt.ca\\\/fr\\\/information\\\/ressources-en-recherche-et-en-droit\\\/#breadcrumb\",\"itemListElement\":[{\"@type\":\"ListItem\",\"position\":1,\"name\":\"Home\",\"item\":\"https:\\\/\\\/hrap-nt.ca\\\/fr\\\/\"},{\"@type\":\"ListItem\",\"position\":2,\"name\":\"Information\",\"item\":\"https:\\\/\\\/hrap-nt.ca\\\/fr\\\/information\\\/\"},{\"@type\":\"ListItem\",\"position\":3,\"name\":\"Ressources en recherche et en droit\"}]},{\"@type\":\"WebSite\",\"@id\":\"https:\\\/\\\/hrap-nt.ca\\\/fr\\\/#website\",\"url\":\"https:\\\/\\\/hrap-nt.ca\\\/fr\\\/\",\"name\":\"Human Rights Adjudication Panel\",\"description\":\"\",\"publisher\":{\"@id\":\"https:\\\/\\\/hrap-nt.ca\\\/fr\\\/#organization\"},\"potentialAction\":[{\"@type\":\"SearchAction\",\"target\":{\"@type\":\"EntryPoint\",\"urlTemplate\":\"https:\\\/\\\/hrap-nt.ca\\\/fr\\\/?s={search_term_string}\"},\"query-input\":{\"@type\":\"PropertyValueSpecification\",\"valueRequired\":true,\"valueName\":\"search_term_string\"}}],\"inLanguage\":\"fr-FR\"},{\"@type\":\"Organization\",\"@id\":\"https:\\\/\\\/hrap-nt.ca\\\/fr\\\/#organization\",\"name\":\"Northwest Territories Human Rights Adjudication Panel\",\"url\":\"https:\\\/\\\/hrap-nt.ca\\\/fr\\\/\",\"logo\":{\"@type\":\"ImageObject\",\"inLanguage\":\"fr-FR\",\"@id\":\"https:\\\/\\\/hrap-nt.ca\\\/fr\\\/#\\\/schema\\\/logo\\\/image\\\/\",\"url\":\"https:\\\/\\\/hrap-nt.ca\\\/wp-content\\\/uploads\\\/2017\\\/11\\\/cropped-hrap-header-logo-e1511881637444.png\",\"contentUrl\":\"https:\\\/\\\/hrap-nt.ca\\\/wp-content\\\/uploads\\\/2017\\\/11\\\/cropped-hrap-header-logo-e1511881637444.png\",\"width\":600,\"height\":148,\"caption\":\"Northwest Territories Human Rights Adjudication Panel\"},\"image\":{\"@id\":\"https:\\\/\\\/hrap-nt.ca\\\/fr\\\/#\\\/schema\\\/logo\\\/image\\\/\"}}]}<\/script>\n<!-- \/ Yoast SEO plugin. -->","yoast_head_json":{"title":"Ressources en recherche et en droit - Human Rights Adjudication Panel","robots":{"index":"index","follow":"follow","max-snippet":"max-snippet:-1","max-image-preview":"max-image-preview:large","max-video-preview":"max-video-preview:-1"},"canonical":"https:\/\/hrap-nt.ca\/fr\/information\/ressources-en-recherche-et-en-droit\/","og_locale":"fr_FR","og_type":"article","og_title":"Ressources en recherche et en droit - Human Rights Adjudication Panel","og_description":"Organismes de protection des droits de la personne Consultez le\u00a0: http:\/\/www.chrc-ccdp.gc.ca\/index.html Jurisprudence en droits de la personne accessible au public Remarque\u00a0: Plusieurs sites Web canadiens (ci-dessus) donnent acc\u00e8s \u00e0 des d\u00e9cisions rendues par des tribunaux \u0153uvrant dans les provinces ou les territoires concern\u00e9s. Consultez \u00e9galement le\u00a0: www.canlii.org Puis cliquez sur D\u00e9cisions de tribunaux. Pour des ... Read more","og_url":"https:\/\/hrap-nt.ca\/fr\/information\/ressources-en-recherche-et-en-droit\/","og_site_name":"Human Rights Adjudication Panel","article_modified_time":"2018-05-30T18:16:56+00:00","twitter_card":"summary_large_image","schema":{"@context":"https:\/\/schema.org","@graph":[{"@type":"WebPage","@id":"https:\/\/hrap-nt.ca\/fr\/information\/ressources-en-recherche-et-en-droit\/","url":"https:\/\/hrap-nt.ca\/fr\/information\/ressources-en-recherche-et-en-droit\/","name":"Ressources en recherche et en droit - Human Rights Adjudication Panel","isPartOf":{"@id":"https:\/\/hrap-nt.ca\/fr\/#website"},"datePublished":"2017-03-20T21:36:18+00:00","dateModified":"2018-05-30T18:16:56+00:00","breadcrumb":{"@id":"https:\/\/hrap-nt.ca\/fr\/information\/ressources-en-recherche-et-en-droit\/#breadcrumb"},"inLanguage":"fr-FR","potentialAction":[{"@type":"ReadAction","target":["https:\/\/hrap-nt.ca\/fr\/information\/ressources-en-recherche-et-en-droit\/"]}]},{"@type":"BreadcrumbList","@id":"https:\/\/hrap-nt.ca\/fr\/information\/ressources-en-recherche-et-en-droit\/#breadcrumb","itemListElement":[{"@type":"ListItem","position":1,"name":"Home","item":"https:\/\/hrap-nt.ca\/fr\/"},{"@type":"ListItem","position":2,"name":"Information","item":"https:\/\/hrap-nt.ca\/fr\/information\/"},{"@type":"ListItem","position":3,"name":"Ressources en recherche et en droit"}]},{"@type":"WebSite","@id":"https:\/\/hrap-nt.ca\/fr\/#website","url":"https:\/\/hrap-nt.ca\/fr\/","name":"Human Rights Adjudication Panel","description":"","publisher":{"@id":"https:\/\/hrap-nt.ca\/fr\/#organization"},"potentialAction":[{"@type":"SearchAction","target":{"@type":"EntryPoint","urlTemplate":"https:\/\/hrap-nt.ca\/fr\/?s={search_term_string}"},"query-input":{"@type":"PropertyValueSpecification","valueRequired":true,"valueName":"search_term_string"}}],"inLanguage":"fr-FR"},{"@type":"Organization","@id":"https:\/\/hrap-nt.ca\/fr\/#organization","name":"Northwest Territories Human Rights Adjudication Panel","url":"https:\/\/hrap-nt.ca\/fr\/","logo":{"@type":"ImageObject","inLanguage":"fr-FR","@id":"https:\/\/hrap-nt.ca\/fr\/#\/schema\/logo\/image\/","url":"https:\/\/hrap-nt.ca\/wp-content\/uploads\/2017\/11\/cropped-hrap-header-logo-e1511881637444.png","contentUrl":"https:\/\/hrap-nt.ca\/wp-content\/uploads\/2017\/11\/cropped-hrap-header-logo-e1511881637444.png","width":600,"height":148,"caption":"Northwest Territories Human Rights Adjudication Panel"},"image":{"@id":"https:\/\/hrap-nt.ca\/fr\/#\/schema\/logo\/image\/"}}]}},"_links":{"self":[{"href":"https:\/\/hrap-nt.ca\/fr\/wp-json\/wp\/v2\/pages\/597","targetHints":{"allow":["GET"]}}],"collection":[{"href":"https:\/\/hrap-nt.ca\/fr\/wp-json\/wp\/v2\/pages"}],"about":[{"href":"https:\/\/hrap-nt.ca\/fr\/wp-json\/wp\/v2\/types\/page"}],"author":[{"embeddable":true,"href":"https:\/\/hrap-nt.ca\/fr\/wp-json\/wp\/v2\/users\/8"}],"replies":[{"embeddable":true,"href":"https:\/\/hrap-nt.ca\/fr\/wp-json\/wp\/v2\/comments?post=597"}],"version-history":[{"count":5,"href":"https:\/\/hrap-nt.ca\/fr\/wp-json\/wp\/v2\/pages\/597\/revisions"}],"predecessor-version":[{"id":850,"href":"https:\/\/hrap-nt.ca\/fr\/wp-json\/wp\/v2\/pages\/597\/revisions\/850"}],"up":[{"embeddable":true,"href":"https:\/\/hrap-nt.ca\/fr\/wp-json\/wp\/v2\/pages\/613"}],"wp:attachment":[{"href":"https:\/\/hrap-nt.ca\/fr\/wp-json\/wp\/v2\/media?parent=597"}],"curies":[{"name":"wp","href":"https:\/\/api.w.org\/{rel}","templated":true}]}}